{"id":207,"date":"2020-11-11T21:17:18","date_gmt":"2020-11-11T21:17:18","guid":{"rendered":"http:\/\/pozytywnypies.pl\/?page_id=207"},"modified":"2020-11-11T21:26:43","modified_gmt":"2020-11-11T21:26:43","slug":"207-2","status":"publish","type":"page","link":"https:\/\/pozytywnypies.pl\/index.php\/pozytywnypies\/zajecia-online\/207-2\/","title":{"rendered":"Dzielny szczeniak"},"content":{"rendered":"<div id=\"pl-207\"  class=\"panel-layout\" ><div id=\"pg-207-0\"  class=\"panel-grid panel-no-style\" ><div id=\"pgc-207-0-0\"  class=\"panel-grid-cell\" ><div id=\"panel-207-0-0-0\" class=\"so-panel widget widget_sow-editor panel-first-child panel-last-child\" data-index=\"0\" ><div\n\t\t\t\n\t\t\tclass=\"so-widget-sow-editor so-widget-sow-editor-base\"\n\t\t\t\n\t\t><h3 class=\"widget-title\">Szczeniak online<\/h3>\n<div class=\"siteorigin-widget-tinymce textwidget\">\n\t<h4><span style=\"color: #245853;\"><strong>DZIELNY PIES - PSIE PRZEDSZKOLE ONLINE<\/strong><\/span><\/h4>\n<p><span style=\"font-weight: 400; color: #333333;\">Je\u015bli masz szczeniaka w wieku do 5 miesi\u0119cy - ten kurs jest w\u0142a\u015bnie dla Ciebie. Aby wychowa\u0107 dzielnego i zr\u00f3wnowa\u017conego psiego przyjaciela warto rozpocz\u0105\u0107 nauk\u0119 ju\u017c w momencie pojawienia si\u0119 szczeni\u0119cia w domu. Dzi\u0119ki temu szkoleniu online zdob\u0119dziesz wiedz\u0119 na temat rozwoju i wychowania szczeniaka, nauczysz go podstawowych polece\u0144 przydatnych w codziennym \u017cyciu oraz poznasz elementy psiej komunikacji.<\/span><\/p>\n<p>&nbsp;<\/p>\n<p><span style=\"font-weight: 400; color: #333333;\">W programie:<\/span><\/p>\n<p><span style=\"font-weight: 400; color: #333333;\">Zaj\u0119cia teoretyczne realizowane w formie webinaru do obejrzenia w dowolnym momencie<\/span><\/p>\n<ol>\n<li style=\"font-weight: 400;\"><span style=\"font-weight: 400; color: #333333;\">Pierwsze dni szczeniaka w domu - na co si\u0119 przygotowa\u0107<\/span><\/li>\n<li style=\"font-weight: 400;\"><span style=\"font-weight: 400; color: #333333;\">Rozw\u00f3j psa w poszczeg\u00f3lnych etapach \u017cycia<\/span><\/li>\n<li style=\"font-weight: 400;\"><span style=\"font-weight: 400; color: #333333;\">Najcz\u0119stsze problemy ze szczeniakiem i ich rozwi\u0105zywanie<\/span><\/li>\n<\/ol>\n<p>&nbsp;<\/p>\n<p><span style=\"font-weight: 400; color: #333333;\">Zaj\u0119cia praktyczne obejmuj\u0105 zagadnienia takie jak:<\/span><\/p>\n<ol>\n<li style=\"font-weight: 400;\"><span style=\"font-weight: 400; color: #333333;\">Reagowanie na imi\u0119\u00a0<\/span><\/li>\n<li style=\"font-weight: 400;\"><span style=\"font-weight: 400; color: #333333;\">Koncentracja uwagi na opiekunie<\/span><\/li>\n<li style=\"font-weight: 400;\"><span style=\"font-weight: 400; color: #333333;\">Siad<\/span><\/li>\n<li style=\"font-weight: 400;\"><span style=\"font-weight: 400; color: #333333;\">Waruj<\/span><\/li>\n<li style=\"font-weight: 400;\"><span style=\"font-weight: 400; color: #333333;\">Pod\u0105\u017canie za opiekunem<\/span><\/li>\n<li style=\"font-weight: 400;\"><span style=\"font-weight: 400; color: #333333;\">Podstawy chodzenia na lu\u017anej smyczy<\/span><\/li>\n<li style=\"font-weight: 400;\"><span style=\"font-weight: 400; color: #333333;\">Prawid\u0142owa zabawa z opiekunem<\/span><\/li>\n<li style=\"font-weight: 400;\"><span style=\"font-weight: 400; color: #333333;\">Nauka zabieg\u00f3w piel\u0119gnacyjnych<\/span><\/li>\n<li style=\"font-weight: 400;\"><span style=\"font-weight: 400; color: #333333;\">Elementy prawid\u0142owej socjalizacji<\/span><\/li>\n<\/ol>\n<p><span style=\"font-weight: 400; color: #333333;\">Dwa razy w tygodniu uczestnik dostanie plan treningowy ze szczeg\u00f3\u0142owym opisem \u0107wiczenia i nagraniami \u0107wicze\u0144. Nast\u0119pnie uczestnik przesy\u0142a nagrania ze swoich \u0107wicze\u0144 i dostaje informacj\u0119 zwrotn\u0105 na temat treningu - co jest wykonane poprawnie a co wymaga jeszcze poprawy.\u00a0<\/span><\/p>\n<p><span style=\"font-weight: 400; color: #333333;\">Dodatkowo uczestnik ma mo\u017cliwo\u015b\u0107 skorzystania z indywidualnej rozmowy online, na kt\u00f3rej mo\u017ce otrzyma\u0107 porady i odpowiedzi na nurtuj\u0105ce go pytania.<\/span><\/p>\n<p>&nbsp;<\/p>\n<p><span style=\"font-weight: 400; color: #333333;\">Czas szkolenia: <span style=\"color: #245853;\">6 tygodni<\/span><\/span><\/p>\n<p><span style=\"font-weight: 400; color: #333333;\">Cena: <span style=\"color: #245853;\">200 z\u0142<\/span><\/span><\/p>\n<\/div>\n<\/div><\/div><\/div><div id=\"pgc-207-0-1\"  class=\"panel-grid-cell\" ><div id=\"panel-207-0-1-0\" class=\"so-panel widget widget_sow-image panel-first-child\" data-index=\"1\" ><div\n\t\t\t\n\t\t\tclass=\"so-widget-sow-image so-widget-sow-image-default-8b5b6f678277-207\"\n\t\t\t\n\t\t>\n<div class=\"sow-image-container\">\n\t\t<img \n\tsrc=\"https:\/\/pozytywnypies.pl\/wp-content\/uploads\/2020\/11\/berkay-gumustekin-ngqyo2AYYnE-unsplash-scaled.jpg\" width=\"2560\" height=\"1707\" srcset=\"https:\/\/pozytywnypies.pl\/wp-content\/uploads\/2020\/11\/berkay-gumustekin-ngqyo2AYYnE-unsplash-scaled.jpg 2560w, https:\/\/pozytywnypies.pl\/wp-content\/uploads\/2020\/11\/berkay-gumustekin-ngqyo2AYYnE-unsplash-300x200.jpg 300w, https:\/\/pozytywnypies.pl\/wp-content\/uploads\/2020\/11\/berkay-gumustekin-ngqyo2AYYnE-unsplash-1024x683.jpg 1024w, https:\/\/pozytywnypies.pl\/wp-content\/uploads\/2020\/11\/berkay-gumustekin-ngqyo2AYYnE-unsplash-768x512.jpg 768w, https:\/\/pozytywnypies.pl\/wp-content\/uploads\/2020\/11\/berkay-gumustekin-ngqyo2AYYnE-unsplash-1536x1024.jpg 1536w, https:\/\/pozytywnypies.pl\/wp-content\/uploads\/2020\/11\/berkay-gumustekin-ngqyo2AYYnE-unsplash-2048x1365.jpg 2048w, https:\/\/pozytywnypies.pl\/wp-content\/uploads\/2020\/11\/berkay-gumustekin-ngqyo2AYYnE-unsplash-1620x1080.jpg 1620w, https:\/\/pozytywnypies.pl\/wp-content\/uploads\/2020\/11\/berkay-gumustekin-ngqyo2AYYnE-unsplash-272x182.jpg 272w\" sizes=\"(max-width: 2560px) 100vw, 2560px\" title=\"berkay-gumustekin-ngqyo2AYYnE-unsplash\" alt=\"\" \t\tclass=\"so-widget-image\"\/>\n\t<\/div>\n\n<\/div><\/div><div id=\"panel-207-0-1-1\" class=\"so-panel widget widget_sow-image panel-last-child\" data-index=\"2\" ><div\n\t\t\t\n\t\t\tclass=\"so-widget-sow-image so-widget-sow-image-default-8b5b6f678277-207\"\n\t\t\t\n\t\t>\n<div class=\"sow-image-container\">\n\t\t<img \n\tsrc=\"https:\/\/pozytywnypies.pl\/wp-content\/uploads\/2020\/11\/szcz3-scaled-e1605117454637.jpg\" width=\"1100\" height=\"1650\" sizes=\"(max-width: 1100px) 100vw, 1100px\" title=\"szcz3\" alt=\"\" \t\tclass=\"so-widget-image\"\/>\n\t<\/div>\n\n<\/div><\/div><\/div><\/div><\/div>","protected":false},"excerpt":{"rendered":"<p>DZIELNY PIES &#8211; PSIE PRZEDSZKOLE ONLINE Je\u015bli masz szczeniaka w wieku do 5 miesi\u0119cy &#8211; ten kurs jest w\u0142a\u015bnie dla Ciebie. Aby wychowa\u0107 dzielnego i zr\u00f3wnowa\u017conego psiego przyjaciela warto rozpocz\u0105\u0107 nauk\u0119 ju\u017c w momencie pojawienia si\u0119 szczeni\u0119cia w domu. Dzi\u0119ki temu szkoleniu online zdob\u0119dziesz wiedz\u0119 na temat rozwoju i wychowania szczeniaka, nauczysz go podstawowych polece\u0144&hellip; <br \/> <a class=\"read-more\" href=\"https:\/\/pozytywnypies.pl\/index.php\/pozytywnypies\/zajecia-online\/207-2\/\">Dowiedz si\u0119 wi\u0119cej<\/a><\/p>\n","protected":false},"author":1,"featured_media":0,"parent":157,"menu_order":0,"comment_status":"closed","ping_status":"closed","template":"page-templates\/homepage.php","meta":{"footnotes":""},"class_list":["post-207","page","type-page","status-publish","hentry"],"_links":{"self":[{"href":"https:\/\/pozytywnypies.pl\/index.php\/wp-json\/wp\/v2\/pages\/207","targetHints":{"allow":["GET"]}}],"collection":[{"href":"https:\/\/pozytywnypies.pl\/index.php\/wp-json\/wp\/v2\/pages"}],"about":[{"href":"https:\/\/pozytywnypies.pl\/index.php\/wp-json\/wp\/v2\/types\/page"}],"author":[{"embeddable":true,"href":"https:\/\/pozytywnypies.pl\/index.php\/wp-json\/wp\/v2\/users\/1"}],"replies":[{"embeddable":true,"href":"https:\/\/pozytywnypies.pl\/index.php\/wp-json\/wp\/v2\/comments?post=207"}],"version-history":[{"count":9,"href":"https:\/\/pozytywnypies.pl\/index.php\/wp-json\/wp\/v2\/pages\/207\/revisions"}],"predecessor-version":[{"id":345,"href":"https:\/\/pozytywnypies.pl\/index.php\/wp-json\/wp\/v2\/pages\/207\/revisions\/345"}],"up":[{"embeddable":true,"href":"https:\/\/pozytywnypies.pl\/index.php\/wp-json\/wp\/v2\/pages\/157"}],"wp:attachment":[{"href":"https:\/\/pozytywnypies.pl\/index.php\/wp-json\/wp\/v2\/media?parent=207"}],"curies":[{"name":"wp","href":"https:\/\/api.w.org\/{rel}","templated":true}]}}