{"id":157,"date":"2020-11-11T17:15:30","date_gmt":"2020-11-11T17:15:30","guid":{"rendered":"http:\/\/pozytywnypies.pl\/?page_id=157"},"modified":"2024-01-10T21:07:38","modified_gmt":"2024-01-10T21:07:38","slug":"zajecia-online","status":"publish","type":"page","link":"https:\/\/pozytywnypies.pl\/index.php\/pozytywnypies\/zajecia-online\/","title":{"rendered":"Zaj\u0119cia online"},"content":{"rendered":"<div id=\"pl-157\"  class=\"panel-layout\" ><div id=\"pg-157-0\"  class=\"panel-grid panel-no-style\" ><div id=\"pgc-157-0-0\"  class=\"panel-grid-cell\" ><div id=\"panel-157-0-0-0\" class=\"so-panel widget widget_sow-features panel-first-child panel-last-child\" data-index=\"0\" ><div\n\t\t\t\n\t\t\tclass=\"so-widget-sow-features so-widget-sow-features-default-0e0f8d436f18-157\"\n\t\t\t\n\t\t><ul\n\tclass=\"sow-features-list\n\tsow-features-responsive\">\n\n\t\t\t<li\n\t\t\tclass=\"sow-features-feature sow-icon-container-position-top\"\n\t\t\tstyle=\"display: flex; flex-direction: column; width: calc(33.333% - 25px);\"\n\t\t>\n\t\t\t\n\t\t\t\t\t\t\t<div class=\"sow-features-feature-right-left-container\" style=\"display: flex; flex-direction: inherit;\">\n\t\t\t\t\t\t\t<div\n\t\t\t\tclass=\"sow-icon-container sow-container-round\"\n\t\t\t\tstyle=\"color: #404040; \"\n\t\t\t\t\t\t\t>\n\t\t\t\t\t\t\t\t\t\t<div class=\"sow-icon-image\" style=\"background-image: url(https:\/\/pozytywnypies.pl\/wp-content\/uploads\/2020\/08\/Facebook-zdje\u0328cie-profilowe-02.png); font-size: 24px\"><\/div>\n\t\t\t\t\t\t\t\t\t<\/div>\n\t\t\t\n\t\t\t<div class=\"textwidget\">\n\t\t\t\t\t\t\t\t\t<div class=\"sow-features-feature-content\">\n\t\t\t\t\n\t\t\t\t\t\t\t\t\t<h5 class=\"sow-features-feature-title\">\n\t\t\t\t\t\tDzielny szczeniak - online\t\t\t\t\t<\/h5>\n\t\t\t\t\n\t\t\t\t\t\t\t\t\t<div class=\"sow-features-feature-text\">\n\t\t\t\t\t<p><span style=\"font-weight: 400\">Je\u015bli masz szczeniaka w wieku do 5 miesi\u0119cy - ten kurs jest w\u0142a\u015bnie dla Ciebie. Aby wychowa\u0107 dzielnego i zr\u00f3wnowa\u017conego psiego przyjaciela warto rozpocz\u0105\u0107 nauk\u0119 ju\u017c w momencie pojawienia si\u0119 szczeni\u0119cia w domu.<\/span><\/p>\n\t\t\t\t\t<\/div>\n\t\t\t\t\t\t\t\t\t\t<\/div>\n\t\t\t\t\t<p class=\"sow-more-text\">\n\t\t\t\t\t\t<a href=\"https:\/\/pozytywnypies.pl\/index.php\/pozytywnypies\/zajecia-online\/207-2\/\" >\t\t\t\t\t\tDowiedz si\u0119 wi\u0119cej...\t\t\t\t\t\t<\/a>\t\t\t\t\t<\/p>\n\t\t\t\t\t\t\t<\/div>\n\t\t\t\t\t\t\t<\/div>\n\t\t\t\t\t\t\t\t<\/li>\n\n\t\t\t<li\n\t\t\tclass=\"sow-features-feature sow-icon-container-position-top\"\n\t\t\tstyle=\"display: flex; flex-direction: column; width: calc(33.333% - 25px);\"\n\t\t>\n\t\t\t\n\t\t\t\t\t\t\t<div class=\"sow-features-feature-right-left-container\" style=\"display: flex; flex-direction: inherit;\">\n\t\t\t\t\t\t\t<div\n\t\t\t\tclass=\"sow-icon-container sow-container-round\"\n\t\t\t\tstyle=\"color: #404040; \"\n\t\t\t\t\t\t\t>\n\t\t\t\t\t\t\t\t\t\t<div class=\"sow-icon-image\" style=\"background-image: url(https:\/\/pozytywnypies.pl\/wp-content\/uploads\/2020\/08\/Facebook-zdje\u0328cie-profilowe-02.png); font-size: 24px\"><\/div>\n\t\t\t\t\t\t\t\t\t<\/div>\n\t\t\t\n\t\t\t<div class=\"textwidget\">\n\t\t\t\t\t\t\t\t\t<div class=\"sow-features-feature-content\">\n\t\t\t\t\n\t\t\t\t\t\t\t\t\t<h5 class=\"sow-features-feature-title\">\n\t\t\t\t\t\tKonsultacje Online\t\t\t\t\t<\/h5>\n\t\t\t\t\n\t\t\t\t\t\t\t\t\t<div class=\"sow-features-feature-text\">\n\t\t\t\t\t<p>Je\u015bli Tw\u00f3j pies sprawia problemy, a nie mo\u017cesz um\u00f3wi\u0107 si\u0119 na spotkanie - konsultacja behawioralna online jest dla Ciebie.<\/p>\n\t\t\t\t\t<\/div>\n\t\t\t\t\t\t\t\t\t\t<\/div>\n\t\t\t\t\t<p class=\"sow-more-text\">\n\t\t\t\t\t\t<a href=\"http:\/\/www.pies.gorlice.pl\/konsultacje-online\/\" >\t\t\t\t\t\tDowiedz si\u0119 wi\u0119cej...\t\t\t\t\t\t<\/a>\t\t\t\t\t<\/p>\n\t\t\t\t\t\t\t<\/div>\n\t\t\t\t\t\t\t<\/div>\n\t\t\t\t\t\t\t\t<\/li>\n\n\t\t\t<li\n\t\t\tclass=\"sow-features-feature sow-icon-container-position-top\"\n\t\t\tstyle=\"display: flex; flex-direction: column; width: calc(33.333% - 25px);\"\n\t\t>\n\t\t\t\n\t\t\t\t\t\t\t<div class=\"sow-features-feature-right-left-container\" style=\"display: flex; flex-direction: inherit;\">\n\t\t\t\t\t\t\t<div\n\t\t\t\tclass=\"sow-icon-container sow-container-round\"\n\t\t\t\tstyle=\"color: #404040; \"\n\t\t\t\t\t\t\t>\n\t\t\t\t\t\t\t\t\t\t<div class=\"sow-icon-image\" style=\"background-image: url(https:\/\/pozytywnypies.pl\/wp-content\/uploads\/2020\/08\/Facebook-zdje\u0328cie-profilowe-02.png); font-size: 24px\"><\/div>\n\t\t\t\t\t\t\t\t\t<\/div>\n\t\t\t\n\t\t\t<div class=\"textwidget\">\n\t\t\t\t\t\t\t\t\t<div class=\"sow-features-feature-content\">\n\t\t\t\t\n\t\t\t\t\t\t\t\t\t<h5 class=\"sow-features-feature-title\">\n\t\t\t\t\t\tPies i dziecko cz.1\t\t\t\t\t<\/h5>\n\t\t\t\t\n\t\t\t\t\t\t\t\t\t<div class=\"sow-features-feature-text\">\n\t\t\t\t\t<p>Kurs przeznaczony jest dla rodzic\u00f3w spodziewaj\u0105cych si\u0119 dziecka, kt\u00f3rzy maj\u0105 ju\u017c w domu psa.<\/p>\n\t\t\t\t\t<\/div>\n\t\t\t\t\t\t\t\t\t\t<\/div>\n\t\t\t\t\t<p class=\"sow-more-text\">\n\t\t\t\t\t\t<a href=\"https:\/\/pozytywnypies.pl\/index.php\/pozytywnypies\/zajecia-online\/pies-i-dziecko\/\" >\t\t\t\t\t\tDowiedz si\u0119 wi\u0119cej...\t\t\t\t\t\t<\/a>\t\t\t\t\t<\/p>\n\t\t\t\t\t\t\t<\/div>\n\t\t\t\t\t\t\t<\/div>\n\t\t\t\t\t\t\t\t<\/li>\n\n\t<\/ul>\n<\/div><\/div><\/div><\/div><\/div>","protected":false},"excerpt":{"rendered":"<p>Dzielny szczeniak &#8211; online Je\u015bli masz szczeniaka w wieku do 5 miesi\u0119cy &#8211; ten kurs jest w\u0142a\u015bnie dla Ciebie. Aby wychowa\u0107 dzielnego i zr\u00f3wnowa\u017conego psiego przyjaciela warto rozpocz\u0105\u0107 nauk\u0119 ju\u017c w momencie pojawienia si\u0119 szczeni\u0119cia w domu. Dowiedz si\u0119 wi\u0119cej&#8230; Konsultacje Online Je\u015bli Tw\u00f3j pies sprawia problemy, a nie mo\u017cesz um\u00f3wi\u0107 si\u0119 na spotkanie -&hellip; <br \/> <a class=\"read-more\" href=\"https:\/\/pozytywnypies.pl\/index.php\/pozytywnypies\/zajecia-online\/\">Dowiedz si\u0119 wi\u0119cej<\/a><\/p>\n","protected":false},"author":1,"featured_media":0,"parent":38,"menu_order":0,"comment_status":"closed","ping_status":"closed","template":"page-templates\/homepage.php","meta":{"footnotes":""},"class_list":["post-157","page","type-page","status-publish","hentry"],"_links":{"self":[{"href":"https:\/\/pozytywnypies.pl\/index.php\/wp-json\/wp\/v2\/pages\/157","targetHints":{"allow":["GET"]}}],"collection":[{"href":"https:\/\/pozytywnypies.pl\/index.php\/wp-json\/wp\/v2\/pages"}],"about":[{"href":"https:\/\/pozytywnypies.pl\/index.php\/wp-json\/wp\/v2\/types\/page"}],"author":[{"embeddable":true,"href":"https:\/\/pozytywnypies.pl\/index.php\/wp-json\/wp\/v2\/users\/1"}],"replies":[{"embeddable":true,"href":"https:\/\/pozytywnypies.pl\/index.php\/wp-json\/wp\/v2\/comments?post=157"}],"version-history":[{"count":13,"href":"https:\/\/pozytywnypies.pl\/index.php\/wp-json\/wp\/v2\/pages\/157\/revisions"}],"predecessor-version":[{"id":547,"href":"https:\/\/pozytywnypies.pl\/index.php\/wp-json\/wp\/v2\/pages\/157\/revisions\/547"}],"up":[{"embeddable":true,"href":"https:\/\/pozytywnypies.pl\/index.php\/wp-json\/wp\/v2\/pages\/38"}],"wp:attachment":[{"href":"https:\/\/pozytywnypies.pl\/index.php\/wp-json\/wp\/v2\/media?parent=157"}],"curies":[{"name":"wp","href":"https:\/\/api.w.org\/{rel}","templated":true}]}}